{"id":517,"date":"2020-02-07T11:41:52","date_gmt":"2020-02-07T10:41:52","guid":{"rendered":"https:\/\/demo.gloriathemes.com\/noxe\/demo\/?page_id=517"},"modified":"2020-12-04T16:42:16","modified_gmt":"2020-12-04T15:42:16","slug":"theory","status":"publish","type":"page","link":"http:\/\/instytutgk.pl\/en\/theory\/","title":{"rendered":"Theory"},"content":{"rendered":"<p>[vc_row][vc_column]<div class=\"gt-article-list\"><div class=\"gt-blog-list gt-style-3 gt-light\"><div class=\"gt-item\"><div class=\"gt-image\"><a href=\"http:\/\/instytutgk.pl\/en\/blog\/2020\/11\/23\/czas-przenika-bohatera-archiwum-grzegorza-krolikiewicza\/\"><img loading=\"lazy\" decoding=\"async\" width=\"650\" height=\"430\" src=\"data:image\/svg+xml,%3Csvg%20xmlns%3D%27http:\/\/www.w3.org\/2000\/svg%27%20viewBox%3D%270%200%203%202%27%3E%3C\/svg%3E\" class=\"attachment-noxe-post-2 size-noxe-post-2 gt-lazy-load wp-post-image\" alt=\"\" data-src=\"http:\/\/instytutgk.pl\/en\/wp-content\/uploads\/sites\/2\/2020\/02\/Teoria_Czas-przenika-bohatera-miniatura-650x430.jpg\" \/><\/a><\/div><div class=\"gt-content\"><div class=\"gt-title\"><a href=\"http:\/\/instytutgk.pl\/en\/blog\/2020\/11\/23\/czas-przenika-bohatera-archiwum-grzegorza-krolikiewicza\/\">Czas przenika bohatera<\/a><\/div><div class=\"gt-excerpt\"><p>Czas przenika bohatera - Posta\u0107 filmowa nigdy nie staje si\u0119 prawdziwym bohaterem, je\u017celi nie wykracza.... - teoria kina wg Kr\u00f3likiewicza <\/p>\n<\/div><\/div><\/div><\/div><\/div>[\/vc_column][\/vc_row]<\/p>\n","protected":false},"excerpt":{"rendered":"<p>[vc_row][vc_column][\/vc_column][\/vc_row]<\/p>\n","protected":false},"author":1,"featured_media":0,"parent":0,"menu_order":0,"comment_status":"closed","ping_status":"closed","template":"","meta":{"footnotes":""},"class_list":["post-517","page","type-page","status-publish","hentry"],"yoast_head":"<!-- This site is optimized with the Yoast SEO plugin v27.5 - https:\/\/yoast.com\/product\/yoast-seo-wordpress\/ -->\n<title>Theory - Archive of Grzegorz Kr\u00f3likiewicz<\/title>\n<meta name=\"description\" content=\"Teoria filmu wg. Grzegorza Kr\u00f3likiewicza.\" \/>\n<meta name=\"robots\" content=\"index, follow, max-snippet:-1, max-image-preview:large, max-video-preview:-1\" \/>\n<link rel=\"canonical\" href=\"https:\/\/instytutgk.pl\/en\/theory\/\" \/>\n<meta property=\"og:locale\" content=\"en_US\" \/>\n<meta property=\"og:type\" content=\"article\" \/>\n<meta property=\"og:title\" content=\"Theory - Archive of Grzegorz Kr\u00f3likiewicz\" \/>\n<meta property=\"og:description\" content=\"Teoria filmu wg. Grzegorza Kr\u00f3likiewicza.\" \/>\n<meta property=\"og:url\" content=\"https:\/\/instytutgk.pl\/en\/theory\/\" \/>\n<meta property=\"og:site_name\" content=\"Archive of Grzegorz Kr\u00f3likiewicz\" \/>\n<meta property=\"article:modified_time\" content=\"2020-12-04T15:42:16+00:00\" \/>\n<meta name=\"twitter:card\" content=\"summary_large_image\" \/>\n<script type=\"application\/ld+json\" class=\"yoast-schema-graph\">{\"@context\":\"https:\\\/\\\/schema.org\",\"@graph\":[{\"@type\":\"WebPage\",\"@id\":\"https:\\\/\\\/instytutgk.pl\\\/en\\\/theory\\\/\",\"url\":\"https:\\\/\\\/instytutgk.pl\\\/en\\\/theory\\\/\",\"name\":\"Theory - Archive of Grzegorz Kr\u00f3likiewicz\",\"isPartOf\":{\"@id\":\"http:\\\/\\\/instytutgk.pl\\\/en\\\/#website\"},\"datePublished\":\"2020-02-07T10:41:52+00:00\",\"dateModified\":\"2020-12-04T15:42:16+00:00\",\"description\":\"Teoria filmu wg. Grzegorza Kr\u00f3likiewicza.\",\"breadcrumb\":{\"@id\":\"https:\\\/\\\/instytutgk.pl\\\/en\\\/theory\\\/#breadcrumb\"},\"inLanguage\":\"en-US\",\"potentialAction\":[{\"@type\":\"ReadAction\",\"target\":[\"https:\\\/\\\/instytutgk.pl\\\/en\\\/theory\\\/\"]}]},{\"@type\":\"BreadcrumbList\",\"@id\":\"https:\\\/\\\/instytutgk.pl\\\/en\\\/theory\\\/#breadcrumb\",\"itemListElement\":[{\"@type\":\"ListItem\",\"position\":1,\"name\":\"Strona g\u0142\u00f3wna\",\"item\":\"http:\\\/\\\/instytutgk.pl\\\/en\\\/\"},{\"@type\":\"ListItem\",\"position\":2,\"name\":\"Theory\"}]},{\"@type\":\"WebSite\",\"@id\":\"http:\\\/\\\/instytutgk.pl\\\/en\\\/#website\",\"url\":\"http:\\\/\\\/instytutgk.pl\\\/en\\\/\",\"name\":\"Archive of Grzegorz Kr\u00f3likiewicz\",\"description\":\"Archive of Grzegorz Kr\u00f3likiewicz\",\"potentialAction\":[{\"@type\":\"SearchAction\",\"target\":{\"@type\":\"EntryPoint\",\"urlTemplate\":\"http:\\\/\\\/instytutgk.pl\\\/en\\\/?s={search_term_string}\"},\"query-input\":{\"@type\":\"PropertyValueSpecification\",\"valueRequired\":true,\"valueName\":\"search_term_string\"}}],\"inLanguage\":\"en-US\"}]}<\/script>\n<!-- \/ Yoast SEO plugin. -->","yoast_head_json":{"title":"Theory - Archive of Grzegorz Kr\u00f3likiewicz","description":"Teoria filmu wg. Grzegorza Kr\u00f3likiewicza.","robots":{"index":"index","follow":"follow","max-snippet":"max-snippet:-1","max-image-preview":"max-image-preview:large","max-video-preview":"max-video-preview:-1"},"canonical":"https:\/\/instytutgk.pl\/en\/theory\/","og_locale":"en_US","og_type":"article","og_title":"Theory - Archive of Grzegorz Kr\u00f3likiewicz","og_description":"Teoria filmu wg. Grzegorza Kr\u00f3likiewicza.","og_url":"https:\/\/instytutgk.pl\/en\/theory\/","og_site_name":"Archive of Grzegorz Kr\u00f3likiewicz","article_modified_time":"2020-12-04T15:42:16+00:00","twitter_card":"summary_large_image","schema":{"@context":"https:\/\/schema.org","@graph":[{"@type":"WebPage","@id":"https:\/\/instytutgk.pl\/en\/theory\/","url":"https:\/\/instytutgk.pl\/en\/theory\/","name":"Theory - Archive of Grzegorz Kr\u00f3likiewicz","isPartOf":{"@id":"http:\/\/instytutgk.pl\/en\/#website"},"datePublished":"2020-02-07T10:41:52+00:00","dateModified":"2020-12-04T15:42:16+00:00","description":"Teoria filmu wg. Grzegorza Kr\u00f3likiewicza.","breadcrumb":{"@id":"https:\/\/instytutgk.pl\/en\/theory\/#breadcrumb"},"inLanguage":"en-US","potentialAction":[{"@type":"ReadAction","target":["https:\/\/instytutgk.pl\/en\/theory\/"]}]},{"@type":"BreadcrumbList","@id":"https:\/\/instytutgk.pl\/en\/theory\/#breadcrumb","itemListElement":[{"@type":"ListItem","position":1,"name":"Strona g\u0142\u00f3wna","item":"http:\/\/instytutgk.pl\/en\/"},{"@type":"ListItem","position":2,"name":"Theory"}]},{"@type":"WebSite","@id":"http:\/\/instytutgk.pl\/en\/#website","url":"http:\/\/instytutgk.pl\/en\/","name":"Archive of Grzegorz Kr\u00f3likiewicz","description":"Archive of Grzegorz Kr\u00f3likiewicz","potentialAction":[{"@type":"SearchAction","target":{"@type":"EntryPoint","urlTemplate":"http:\/\/instytutgk.pl\/en\/?s={search_term_string}"},"query-input":{"@type":"PropertyValueSpecification","valueRequired":true,"valueName":"search_term_string"}}],"inLanguage":"en-US"}]}},"_links":{"self":[{"href":"http:\/\/instytutgk.pl\/en\/wp-json\/wp\/v2\/pages\/517","targetHints":{"allow":["GET"]}}],"collection":[{"href":"http:\/\/instytutgk.pl\/en\/wp-json\/wp\/v2\/pages"}],"about":[{"href":"http:\/\/instytutgk.pl\/en\/wp-json\/wp\/v2\/types\/page"}],"author":[{"embeddable":true,"href":"http:\/\/instytutgk.pl\/en\/wp-json\/wp\/v2\/users\/1"}],"replies":[{"embeddable":true,"href":"http:\/\/instytutgk.pl\/en\/wp-json\/wp\/v2\/comments?post=517"}],"version-history":[{"count":14,"href":"http:\/\/instytutgk.pl\/en\/wp-json\/wp\/v2\/pages\/517\/revisions"}],"predecessor-version":[{"id":4314,"href":"http:\/\/instytutgk.pl\/en\/wp-json\/wp\/v2\/pages\/517\/revisions\/4314"}],"wp:attachment":[{"href":"http:\/\/instytutgk.pl\/en\/wp-json\/wp\/v2\/media?parent=517"}],"curies":[{"name":"wp","href":"https:\/\/api.w.org\/{rel}","templated":true}]}}