{"id":515,"date":"2020-02-07T11:41:09","date_gmt":"2020-02-07T10:41:09","guid":{"rendered":"https:\/\/demo.gloriathemes.com\/noxe\/demo\/?page_id=515"},"modified":"2020-12-04T16:41:45","modified_gmt":"2020-12-04T15:41:45","slug":"books","status":"publish","type":"page","link":"http:\/\/instytutgk.pl\/en\/books\/","title":{"rendered":"Books"},"content":{"rendered":"<p>[vc_row][vc_column]<div class=\"gt-article-list\"><div class=\"gt-blog-list gt-style-3 gt-light\"><div class=\"gt-item\"><div class=\"gt-image\"><a href=\"http:\/\/instytutgk.pl\/en\/blog\/2020\/12\/02\/godard-sejsmograf\/\"><img loading=\"lazy\" decoding=\"async\" width=\"226\" height=\"296\" src=\"data:image\/svg+xml,%3Csvg%20xmlns%3D%27http:\/\/www.w3.org\/2000\/svg%27%20viewBox%3D%270%200%203%202%27%3E%3C\/svg%3E\" class=\"attachment-noxe-post-2 size-noxe-post-2 gt-lazy-load wp-post-image\" alt=\"\" data-src=\"http:\/\/instytutgk.pl\/en\/wp-content\/uploads\/sites\/2\/2020\/11\/Gordat-Sejsmograf-GKrolikiewicz.jpg\" \/><\/a><\/div><div class=\"gt-content\"><div class=\"gt-categories\"><ul class=\"post-categories\">\n\t<li><a href=\"http:\/\/instytutgk.pl\/en\/Kategoria\/ksiazka\/\" rel=\"category tag\">ksi\u0105\u017cka<\/a><\/li><\/ul><\/div><div class=\"gt-title\"><a href=\"http:\/\/instytutgk.pl\/en\/blog\/2020\/12\/02\/godard-sejsmograf\/\">GODARD. SEJSMOGRAF.<\/a><\/div><div class=\"gt-excerpt\"><p>W swoich analizach Kr\u00f3likiewicz sytuuje Godarda w zawrotnej ilo\u015bci kontekst\u00f3w, od Claude\u2019a Levi-Straussa i Carla Gustava Junga po wsp\u00f3\u0142czesn\u0105 fizyk\u0119, cybernetyk\u0119 i hipnoz\u0119.<\/p>\n<\/div><\/div><\/div><div class=\"gt-item\"><div class=\"gt-image\"><a href=\"http:\/\/instytutgk.pl\/en\/blog\/2020\/12\/02\/pracuje-dla-przyszlosci\/\"><img loading=\"lazy\" decoding=\"async\" width=\"650\" height=\"430\" src=\"data:image\/svg+xml,%3Csvg%20xmlns%3D%27http:\/\/www.w3.org\/2000\/svg%27%20viewBox%3D%270%200%203%202%27%3E%3C\/svg%3E\" class=\"attachment-noxe-post-2 size-noxe-post-2 gt-lazy-load wp-post-image\" alt=\"\" data-src=\"http:\/\/instytutgk.pl\/en\/wp-content\/uploads\/sites\/2\/2020\/11\/Pracuje_dla_przyszlosci-GKrolikiewicz_ksiazka-3-650x430.jpg\" \/><\/a><\/div><div class=\"gt-content\"><div class=\"gt-categories\"><ul class=\"post-categories\">\n\t<li><a href=\"http:\/\/instytutgk.pl\/en\/Kategoria\/ksiazka\/\" rel=\"category tag\">ksi\u0105\u017cka<\/a><\/li><\/ul><\/div><div class=\"gt-title\"><a href=\"http:\/\/instytutgk.pl\/en\/blog\/2020\/12\/02\/pracuje-dla-przyszlosci\/\">Kr\u00f3likiewicz. Pracuj\u0119 dla przysz\u0142o\u015bci.<\/a><\/div><div class=\"gt-excerpt\"><p>Wywiad-rzeka (oko\u0142o pi\u0119\u0107dziesi\u0119ciu godzin rozmowy!) z mistrzem polskiego kina Grzegorzem Kr\u00f3likiewiczem, autorem najbardziej oryginalnej w rodzimej kinematografii koncepcji j\u0119zyka filmowego.<\/p>\n<\/div><\/div><\/div><\/div><\/div>[\/vc_column][\/vc_row]<\/p>\n","protected":false},"excerpt":{"rendered":"<p>[vc_row][vc_column][\/vc_column][\/vc_row]<\/p>\n","protected":false},"author":1,"featured_media":0,"parent":0,"menu_order":0,"comment_status":"closed","ping_status":"closed","template":"","meta":{"footnotes":""},"class_list":["post-515","page","type-page","status-publish","hentry"],"yoast_head":"<!-- This site is optimized with the Yoast SEO plugin v27.5 - https:\/\/yoast.com\/product\/yoast-seo-wordpress\/ -->\n<title>Books - Archive of Grzegorz Kr\u00f3likiewicz<\/title>\n<meta name=\"robots\" content=\"index, follow, max-snippet:-1, max-image-preview:large, max-video-preview:-1\" \/>\n<link rel=\"canonical\" href=\"https:\/\/instytutgk.pl\/en\/books\/\" \/>\n<meta property=\"og:locale\" content=\"en_US\" \/>\n<meta property=\"og:type\" content=\"article\" \/>\n<meta property=\"og:title\" content=\"Books - Archive of Grzegorz Kr\u00f3likiewicz\" \/>\n<meta property=\"og:description\" content=\"[vc_row][vc_column][\/vc_column][\/vc_row]\" \/>\n<meta property=\"og:url\" content=\"https:\/\/instytutgk.pl\/en\/books\/\" \/>\n<meta property=\"og:site_name\" content=\"Archive of Grzegorz Kr\u00f3likiewicz\" \/>\n<meta property=\"article:modified_time\" content=\"2020-12-04T15:41:45+00:00\" \/>\n<meta name=\"twitter:card\" content=\"summary_large_image\" \/>\n<script type=\"application\/ld+json\" class=\"yoast-schema-graph\">{\"@context\":\"https:\\\/\\\/schema.org\",\"@graph\":[{\"@type\":\"WebPage\",\"@id\":\"https:\\\/\\\/instytutgk.pl\\\/en\\\/books\\\/\",\"url\":\"https:\\\/\\\/instytutgk.pl\\\/en\\\/books\\\/\",\"name\":\"Books - Archive of Grzegorz Kr\u00f3likiewicz\",\"isPartOf\":{\"@id\":\"http:\\\/\\\/instytutgk.pl\\\/en\\\/#website\"},\"datePublished\":\"2020-02-07T10:41:09+00:00\",\"dateModified\":\"2020-12-04T15:41:45+00:00\",\"breadcrumb\":{\"@id\":\"https:\\\/\\\/instytutgk.pl\\\/en\\\/books\\\/#breadcrumb\"},\"inLanguage\":\"en-US\",\"potentialAction\":[{\"@type\":\"ReadAction\",\"target\":[\"https:\\\/\\\/instytutgk.pl\\\/en\\\/books\\\/\"]}]},{\"@type\":\"BreadcrumbList\",\"@id\":\"https:\\\/\\\/instytutgk.pl\\\/en\\\/books\\\/#breadcrumb\",\"itemListElement\":[{\"@type\":\"ListItem\",\"position\":1,\"name\":\"Strona g\u0142\u00f3wna\",\"item\":\"http:\\\/\\\/instytutgk.pl\\\/en\\\/\"},{\"@type\":\"ListItem\",\"position\":2,\"name\":\"Books\"}]},{\"@type\":\"WebSite\",\"@id\":\"http:\\\/\\\/instytutgk.pl\\\/en\\\/#website\",\"url\":\"http:\\\/\\\/instytutgk.pl\\\/en\\\/\",\"name\":\"Archive of Grzegorz Kr\u00f3likiewicz\",\"description\":\"Archive of Grzegorz Kr\u00f3likiewicz\",\"potentialAction\":[{\"@type\":\"SearchAction\",\"target\":{\"@type\":\"EntryPoint\",\"urlTemplate\":\"http:\\\/\\\/instytutgk.pl\\\/en\\\/?s={search_term_string}\"},\"query-input\":{\"@type\":\"PropertyValueSpecification\",\"valueRequired\":true,\"valueName\":\"search_term_string\"}}],\"inLanguage\":\"en-US\"}]}<\/script>\n<!-- \/ Yoast SEO plugin. -->","yoast_head_json":{"title":"Books - Archive of Grzegorz Kr\u00f3likiewicz","robots":{"index":"index","follow":"follow","max-snippet":"max-snippet:-1","max-image-preview":"max-image-preview:large","max-video-preview":"max-video-preview:-1"},"canonical":"https:\/\/instytutgk.pl\/en\/books\/","og_locale":"en_US","og_type":"article","og_title":"Books - Archive of Grzegorz Kr\u00f3likiewicz","og_description":"[vc_row][vc_column][\/vc_column][\/vc_row]","og_url":"https:\/\/instytutgk.pl\/en\/books\/","og_site_name":"Archive of Grzegorz Kr\u00f3likiewicz","article_modified_time":"2020-12-04T15:41:45+00:00","twitter_card":"summary_large_image","schema":{"@context":"https:\/\/schema.org","@graph":[{"@type":"WebPage","@id":"https:\/\/instytutgk.pl\/en\/books\/","url":"https:\/\/instytutgk.pl\/en\/books\/","name":"Books - Archive of Grzegorz Kr\u00f3likiewicz","isPartOf":{"@id":"http:\/\/instytutgk.pl\/en\/#website"},"datePublished":"2020-02-07T10:41:09+00:00","dateModified":"2020-12-04T15:41:45+00:00","breadcrumb":{"@id":"https:\/\/instytutgk.pl\/en\/books\/#breadcrumb"},"inLanguage":"en-US","potentialAction":[{"@type":"ReadAction","target":["https:\/\/instytutgk.pl\/en\/books\/"]}]},{"@type":"BreadcrumbList","@id":"https:\/\/instytutgk.pl\/en\/books\/#breadcrumb","itemListElement":[{"@type":"ListItem","position":1,"name":"Strona g\u0142\u00f3wna","item":"http:\/\/instytutgk.pl\/en\/"},{"@type":"ListItem","position":2,"name":"Books"}]},{"@type":"WebSite","@id":"http:\/\/instytutgk.pl\/en\/#website","url":"http:\/\/instytutgk.pl\/en\/","name":"Archive of Grzegorz Kr\u00f3likiewicz","description":"Archive of Grzegorz Kr\u00f3likiewicz","potentialAction":[{"@type":"SearchAction","target":{"@type":"EntryPoint","urlTemplate":"http:\/\/instytutgk.pl\/en\/?s={search_term_string}"},"query-input":{"@type":"PropertyValueSpecification","valueRequired":true,"valueName":"search_term_string"}}],"inLanguage":"en-US"}]}},"_links":{"self":[{"href":"http:\/\/instytutgk.pl\/en\/wp-json\/wp\/v2\/pages\/515","targetHints":{"allow":["GET"]}}],"collection":[{"href":"http:\/\/instytutgk.pl\/en\/wp-json\/wp\/v2\/pages"}],"about":[{"href":"http:\/\/instytutgk.pl\/en\/wp-json\/wp\/v2\/types\/page"}],"author":[{"embeddable":true,"href":"http:\/\/instytutgk.pl\/en\/wp-json\/wp\/v2\/users\/1"}],"replies":[{"embeddable":true,"href":"http:\/\/instytutgk.pl\/en\/wp-json\/wp\/v2\/comments?post=515"}],"version-history":[{"count":11,"href":"http:\/\/instytutgk.pl\/en\/wp-json\/wp\/v2\/pages\/515\/revisions"}],"predecessor-version":[{"id":4312,"href":"http:\/\/instytutgk.pl\/en\/wp-json\/wp\/v2\/pages\/515\/revisions\/4312"}],"wp:attachment":[{"href":"http:\/\/instytutgk.pl\/en\/wp-json\/wp\/v2\/media?parent=515"}],"curies":[{"name":"wp","href":"https:\/\/api.w.org\/{rel}","templated":true}]}}