{"id":3006,"date":"2020-03-17T13:11:06","date_gmt":"2020-03-17T12:11:06","guid":{"rendered":"https:\/\/demo.gloriathemes.com\/noxe\/demo\/?page_id=3006"},"modified":"2020-12-04T16:41:18","modified_gmt":"2020-12-04T15:41:18","slug":"movie-theater","status":"publish","type":"page","link":"http:\/\/instytutgk.pl\/en\/movie-theater\/","title":{"rendered":"Movie &#038; Theater"},"content":{"rendered":"<p>[vc_row full_width=\u201dstretch_row\u201d overflow=\u201dvisible\u201d css=\u201d.vc_custom_1605008499211{margin-bottom: 105px !important;padding-top: 55px !important;padding-bottom: 55px !important;background-color: #1c1c1c !important;}\u201d][vc_column css=\u201d.vc_custom_1581616501360{padding-top: 0px !important;}\u201d]<form method=\"get\" action=\"http:\/\/instytutgk.pl\/en\/search-results\/\"><div class=\"gt-title-search gt-style-2 gt-dark\"><div class=\"gt-inner\"><div class=\"gt-fields\"><div class=\"gt-grid gt-grid-6 gt-spacing-10\"><div class=\"gt-grid-col gt-field-title\"><div class=\"gt-details\"><div class=\"gt-title\">Wyszukaj spo\u015br\u00f3d dzie\u0142:<\/div><\/div><\/div><div class=\"gt-grid-col gt-field-keyword\"><input name=\"keyword\" type=\"text\" autocomplete=\"off\" class=\"gt-dark\" value=\"\" placeholder=\"Type here to search...\"><\/div><div class=\"gt-grid-col gt-field-types\"><select name=\"title-type\" autocomplete=\"off\" class=\"gt-select gt-dark\" placeholder=\"Type\"><option value=\"\">Type<\/option><option value=\"301\">Film<\/option><option value=\"270\">Teatr<\/option><option value=\"323\">Widowiska TV<\/option><\/select><\/div><div class=\"gt-grid-col gt-field-tags\"><select name=\"title-tag\" autocomplete=\"off\" class=\"gt-select gt-dark\" placeholder=\"Tag\"><option value=\"\">Tag<\/option><option value=\"296\">Film fabularny<\/option><option value=\"72\">Teatr<\/option><option value=\"179\">Widowiska TV<\/option><\/select><\/div><div class=\"gt-grid-col gt-field-submit-button\"><button type=\"submit\" class=\"gt-full-width gt-style-5\">Search<\/button><\/div><\/div><\/div><\/div><\/div><\/form>[\/vc_column][\/vc_row][vc_row css=\u201d.vc_custom_1584453554863{margin-bottom: 125px !important;}\u201d][vc_column]<div class=\"gt-title-listing gt-style-1\"><div class=\"gt-grid gt-grid-4 gt-spacing-20\"><div class=\"gt-grid-col\"><div class=\"gt-title-item gt-style-1 gt-align-center gt-light\"><div class=\"gt-poster\"><a href=\"http:\/\/instytutgk.pl\/en\/blog\/title-item\/idea-i-miecz\/\"><\/a><img loading=\"lazy\" decoding=\"async\" width=\"370\" height=\"545\" src=\"data:image\/svg+xml,%3Csvg%20xmlns%3D%27http:\/\/www.w3.org\/2000\/svg%27%20viewBox%3D%270%200%203%202%27%3E%3C\/svg%3E\" class=\"attachment-noxe-title-poster-1 size-noxe-title-poster-1 gt-lazy-load\" alt=\"Idea and sword (pol. Idea i miecz)\" data-src=\"http:\/\/instytutgk.pl\/en\/wp-content\/uploads\/sites\/2\/2020\/11\/Fokal531_Idea-i-miecz_plakat_1800px_379kB_znak-wodny-370x545.jpg\" data-srcset=\"http:\/\/instytutgk.pl\/en\/wp-content\/uploads\/sites\/2\/2020\/11\/Fokal531_Idea-i-miecz_plakat_1800px_379kB_znak-wodny-370x545.jpg 370w, http:\/\/instytutgk.pl\/en\/wp-content\/uploads\/sites\/2\/2020\/11\/Fokal531_Idea-i-miecz_plakat_1800px_379kB_znak-wodny-600x885.jpg 600w, http:\/\/instytutgk.pl\/en\/wp-content\/uploads\/sites\/2\/2020\/11\/Fokal531_Idea-i-miecz_plakat_1800px_379kB_znak-wodny-100x147.jpg 100w\" data-sizes=\"(max-width: 370px) 100vw, 370px\" \/><\/div><div class=\"gt-details\"><div class=\"gt-title\"><a href=\"http:\/\/instytutgk.pl\/en\/blog\/title-item\/idea-i-miecz\/\">Idea and sword (pol. Idea i miecz)<\/a><\/div><\/div><\/div><\/div><div class=\"gt-grid-col\"><div class=\"gt-title-item gt-style-1 gt-align-center gt-light\"><div class=\"gt-poster\"><a href=\"http:\/\/instytutgk.pl\/en\/blog\/title-item\/wieczne-pretensje\/\"><\/a><img loading=\"lazy\" decoding=\"async\" width=\"370\" height=\"545\" src=\"data:image\/svg+xml,%3Csvg%20xmlns%3D%27http:\/\/www.w3.org\/2000\/svg%27%20viewBox%3D%270%200%203%202%27%3E%3C\/svg%3E\" class=\"attachment-noxe-title-poster-1 size-noxe-title-poster-1 gt-lazy-load\" alt=\"Permanent Objections (Wieczne pretensje)\" data-src=\"http:\/\/instytutgk.pl\/en\/wp-content\/uploads\/sites\/2\/2020\/11\/Wieczne-pretensje_plakat_symetryczny_wysoki_druga-wersja_1800px_96kB_znak-wodny-370x545.jpg\" data-srcset=\"http:\/\/instytutgk.pl\/en\/wp-content\/uploads\/sites\/2\/2020\/11\/Wieczne-pretensje_plakat_symetryczny_wysoki_druga-wersja_1800px_96kB_znak-wodny-370x545.jpg 370w, http:\/\/instytutgk.pl\/en\/wp-content\/uploads\/sites\/2\/2020\/11\/Wieczne-pretensje_plakat_symetryczny_wysoki_druga-wersja_1800px_96kB_znak-wodny-600x885.jpg 600w, http:\/\/instytutgk.pl\/en\/wp-content\/uploads\/sites\/2\/2020\/11\/Wieczne-pretensje_plakat_symetryczny_wysoki_druga-wersja_1800px_96kB_znak-wodny-100x147.jpg 100w\" data-sizes=\"(max-width: 370px) 100vw, 370px\" \/><\/div><div class=\"gt-details\"><div class=\"gt-title\"><a href=\"http:\/\/instytutgk.pl\/en\/blog\/title-item\/wieczne-pretensje\/\">Permanent Objections (Wieczne pretensje)<\/a><\/div><\/div><\/div><\/div><div class=\"gt-grid-col\"><div class=\"gt-title-item gt-style-1 gt-align-center gt-light\"><div class=\"gt-poster\"><a href=\"http:\/\/instytutgk.pl\/en\/blog\/title-item\/sasiady\/\"><\/a><img loading=\"lazy\" decoding=\"async\" width=\"370\" height=\"545\" src=\"data:image\/svg+xml,%3Csvg%20xmlns%3D%27http:\/\/www.w3.org\/2000\/svg%27%20viewBox%3D%270%200%203%202%27%3E%3C\/svg%3E\" class=\"attachment-noxe-title-poster-1 size-noxe-title-poster-1 gt-lazy-load\" alt=\"Neighbors (S\u0105siady)\" data-src=\"http:\/\/instytutgk.pl\/en\/wp-content\/uploads\/sites\/2\/2020\/03\/sasiady_plakat_dystr1_jpg_63kB-370x545.jpg\" data-srcset=\"http:\/\/instytutgk.pl\/en\/wp-content\/uploads\/sites\/2\/2020\/03\/sasiady_plakat_dystr1_jpg_63kB-370x545.jpg 370w, http:\/\/instytutgk.pl\/en\/wp-content\/uploads\/sites\/2\/2020\/03\/sasiady_plakat_dystr1_jpg_63kB-600x885.jpg 600w, http:\/\/instytutgk.pl\/en\/wp-content\/uploads\/sites\/2\/2020\/03\/sasiady_plakat_dystr1_jpg_63kB-100x147.jpg 100w\" data-sizes=\"(max-width: 370px) 100vw, 370px\" \/><\/div><div class=\"gt-details\"><div class=\"gt-title\"><a href=\"http:\/\/instytutgk.pl\/en\/blog\/title-item\/sasiady\/\">Neighbors (S\u0105siady)<\/a><\/div><\/div><\/div><\/div><div class=\"gt-grid-col\"><div class=\"gt-title-item gt-style-1 gt-align-center gt-light\"><div class=\"gt-poster\"><a href=\"http:\/\/instytutgk.pl\/en\/blog\/title-item\/na-wylot\/\"><\/a><img loading=\"lazy\" decoding=\"async\" width=\"370\" height=\"545\" src=\"data:image\/svg+xml,%3Csvg%20xmlns%3D%27http:\/\/www.w3.org\/2000\/svg%27%20viewBox%3D%270%200%203%202%27%3E%3C\/svg%3E\" class=\"attachment-noxe-title-poster-1 size-noxe-title-poster-1 gt-lazy-load\" alt=\"Through and Through (Na wylot)\" data-src=\"http:\/\/instytutgk.pl\/en\/wp-content\/uploads\/sites\/2\/2020\/02\/Na-wylot_plakat-Archiwum-370x545.jpg\" data-srcset=\"http:\/\/instytutgk.pl\/en\/wp-content\/uploads\/sites\/2\/2020\/02\/Na-wylot_plakat-Archiwum-370x545.jpg 370w, http:\/\/instytutgk.pl\/en\/wp-content\/uploads\/sites\/2\/2020\/02\/Na-wylot_plakat-Archiwum-100x147.jpg 100w\" data-sizes=\"(max-width: 370px) 100vw, 370px\" \/><\/div><div class=\"gt-details\"><div class=\"gt-title\"><a href=\"http:\/\/instytutgk.pl\/en\/blog\/title-item\/na-wylot\/\">Through and Through (Na wylot)<\/a><\/div><\/div><\/div><\/div><div class=\"gt-grid-col\"><div class=\"gt-title-item gt-style-1 gt-align-center gt-light\"><div class=\"gt-poster\"><a href=\"http:\/\/instytutgk.pl\/en\/blog\/title-item\/przypadek-pekosinskiego\/\"><\/a><img loading=\"lazy\" decoding=\"async\" width=\"370\" height=\"528\" src=\"data:image\/svg+xml,%3Csvg%20xmlns%3D%27http:\/\/www.w3.org\/2000\/svg%27%20viewBox%3D%270%200%203%202%27%3E%3C\/svg%3E\" class=\"attachment-noxe-title-poster-1 size-noxe-title-poster-1 gt-lazy-load\" alt=\"The Case of Pekosi\u0144ski (Przypadek Pekosi\u0144skiego)\" data-src=\"http:\/\/instytutgk.pl\/en\/wp-content\/uploads\/sites\/2\/2020\/02\/pekos-01-e1603191677189-370x528.png\" \/><\/div><div class=\"gt-details\"><div class=\"gt-title\"><a href=\"http:\/\/instytutgk.pl\/en\/blog\/title-item\/przypadek-pekosinskiego\/\">The Case of Pekosi\u0144ski (Przypadek Pekosi\u0144skiego)<\/a><\/div><\/div><\/div><\/div><\/div><\/div>[\/vc_column][\/vc_row][vc_row full_width=\u201dstretch_row\u201d css=\u201d.vc_custom_1584453714575{padding-top: 90px !important;padding-bottom: 90px !important;background-color: #f5f3ec !important;}\u201d][vc_column][vc_row_inner css=\u201d.vc_custom_1584452759469{margin-bottom: 120px !important;}\u201d][vc_column_inner offset=\u201dvc_col-lg-2 vc_col-md-2 vc_col-xs-12\u2033][\/vc_column_inner][vc_column_inner offset=\u201dvc_col-lg-8 vc_col-md-8 vc_col-xs-12\u2033]<div class=\"gt-heading gt-style-4 gt-light gt-align-center\"><div class=\"gt-subtitle\">Dzie\u0142a filmowe i teatralne<\/div><h3 class=\"gt-title\">Tw\u00f3rczo\u015b\u0107<\/h3><\/div>[\/vc_column_inner][vc_column_inner offset=\u201dvc_col-lg-2 vc_col-md-2 vc_col-xs-12\u2033][\/vc_column_inner][\/vc_row_inner]<div class=\"gt-title-listing gt-style-1\"><div class=\"swiper-container gt-carousel-container\" data-gt-item=\"4\" data-gt-item-group=\"4\" data-gt-item-space=\"20\" data-gt-loop=\"true\" data-gt-speed=\"1500\" data-gt-centered-slides=\"false\" data-gt-direction=\"horizontal\" data-gt-effect=\"slide\" data-gt-free-mode=\"false\" data-gt-lazy-loading=\"true\"><div class=\"swiper-wrapper\"><div class=\"swiper-slide\" data-swiper-autoplay=\"8000\"><div class=\"gt-title-item gt-style-1 gt-align-center gt-light\"><div class=\"gt-poster\"><a href=\"http:\/\/instytutgk.pl\/en\/blog\/title-item\/idea-i-miecz\/\"><\/a><img loading=\"lazy\" decoding=\"async\" width=\"370\" height=\"545\" src=\"data:image\/svg+xml,%3Csvg%20xmlns%3D%27http:\/\/www.w3.org\/2000\/svg%27%20viewBox%3D%270%200%203%202%27%3E%3C\/svg%3E\" class=\"attachment-noxe-title-poster-1 size-noxe-title-poster-1 gt-lazy-load\" alt=\"Idea and sword (pol. Idea i miecz)\" data-src=\"http:\/\/instytutgk.pl\/en\/wp-content\/uploads\/sites\/2\/2020\/11\/Fokal531_Idea-i-miecz_plakat_1800px_379kB_znak-wodny-370x545.jpg\" data-srcset=\"http:\/\/instytutgk.pl\/en\/wp-content\/uploads\/sites\/2\/2020\/11\/Fokal531_Idea-i-miecz_plakat_1800px_379kB_znak-wodny-370x545.jpg 370w, http:\/\/instytutgk.pl\/en\/wp-content\/uploads\/sites\/2\/2020\/11\/Fokal531_Idea-i-miecz_plakat_1800px_379kB_znak-wodny-600x885.jpg 600w, http:\/\/instytutgk.pl\/en\/wp-content\/uploads\/sites\/2\/2020\/11\/Fokal531_Idea-i-miecz_plakat_1800px_379kB_znak-wodny-100x147.jpg 100w\" data-sizes=\"(max-width: 370px) 100vw, 370px\" \/><\/div><div class=\"gt-details\"><div class=\"gt-title\"><a href=\"http:\/\/instytutgk.pl\/en\/blog\/title-item\/idea-i-miecz\/\">Idea and sword (pol. Idea i miecz)<\/a><\/div><\/div><\/div><\/div><div class=\"swiper-slide\" data-swiper-autoplay=\"8000\"><div class=\"gt-title-item gt-style-1 gt-align-center gt-light\"><div class=\"gt-poster\"><a href=\"http:\/\/instytutgk.pl\/en\/blog\/title-item\/wieczne-pretensje\/\"><\/a><img loading=\"lazy\" decoding=\"async\" width=\"370\" height=\"545\" src=\"data:image\/svg+xml,%3Csvg%20xmlns%3D%27http:\/\/www.w3.org\/2000\/svg%27%20viewBox%3D%270%200%203%202%27%3E%3C\/svg%3E\" class=\"attachment-noxe-title-poster-1 size-noxe-title-poster-1 gt-lazy-load\" alt=\"Permanent Objections (Wieczne pretensje)\" data-src=\"http:\/\/instytutgk.pl\/en\/wp-content\/uploads\/sites\/2\/2020\/11\/Wieczne-pretensje_plakat_symetryczny_wysoki_druga-wersja_1800px_96kB_znak-wodny-370x545.jpg\" data-srcset=\"http:\/\/instytutgk.pl\/en\/wp-content\/uploads\/sites\/2\/2020\/11\/Wieczne-pretensje_plakat_symetryczny_wysoki_druga-wersja_1800px_96kB_znak-wodny-370x545.jpg 370w, http:\/\/instytutgk.pl\/en\/wp-content\/uploads\/sites\/2\/2020\/11\/Wieczne-pretensje_plakat_symetryczny_wysoki_druga-wersja_1800px_96kB_znak-wodny-600x885.jpg 600w, http:\/\/instytutgk.pl\/en\/wp-content\/uploads\/sites\/2\/2020\/11\/Wieczne-pretensje_plakat_symetryczny_wysoki_druga-wersja_1800px_96kB_znak-wodny-100x147.jpg 100w\" data-sizes=\"(max-width: 370px) 100vw, 370px\" \/><\/div><div class=\"gt-details\"><div class=\"gt-title\"><a href=\"http:\/\/instytutgk.pl\/en\/blog\/title-item\/wieczne-pretensje\/\">Permanent Objections (Wieczne pretensje)<\/a><\/div><\/div><\/div><\/div><div class=\"swiper-slide\" data-swiper-autoplay=\"8000\"><div class=\"gt-title-item gt-style-1 gt-align-center gt-light\"><div class=\"gt-poster\"><a href=\"http:\/\/instytutgk.pl\/en\/blog\/title-item\/sasiady\/\"><\/a><img loading=\"lazy\" decoding=\"async\" width=\"370\" height=\"545\" src=\"data:image\/svg+xml,%3Csvg%20xmlns%3D%27http:\/\/www.w3.org\/2000\/svg%27%20viewBox%3D%270%200%203%202%27%3E%3C\/svg%3E\" class=\"attachment-noxe-title-poster-1 size-noxe-title-poster-1 gt-lazy-load\" alt=\"Neighbors (S\u0105siady)\" data-src=\"http:\/\/instytutgk.pl\/en\/wp-content\/uploads\/sites\/2\/2020\/03\/sasiady_plakat_dystr1_jpg_63kB-370x545.jpg\" data-srcset=\"http:\/\/instytutgk.pl\/en\/wp-content\/uploads\/sites\/2\/2020\/03\/sasiady_plakat_dystr1_jpg_63kB-370x545.jpg 370w, http:\/\/instytutgk.pl\/en\/wp-content\/uploads\/sites\/2\/2020\/03\/sasiady_plakat_dystr1_jpg_63kB-600x885.jpg 600w, http:\/\/instytutgk.pl\/en\/wp-content\/uploads\/sites\/2\/2020\/03\/sasiady_plakat_dystr1_jpg_63kB-100x147.jpg 100w\" data-sizes=\"(max-width: 370px) 100vw, 370px\" \/><\/div><div class=\"gt-details\"><div class=\"gt-title\"><a href=\"http:\/\/instytutgk.pl\/en\/blog\/title-item\/sasiady\/\">Neighbors (S\u0105siady)<\/a><\/div><\/div><\/div><\/div><div class=\"swiper-slide\" data-swiper-autoplay=\"8000\"><div class=\"gt-title-item gt-style-1 gt-align-center gt-light\"><div class=\"gt-poster\"><a href=\"http:\/\/instytutgk.pl\/en\/blog\/title-item\/na-wylot\/\"><\/a><img loading=\"lazy\" decoding=\"async\" width=\"370\" height=\"545\" src=\"data:image\/svg+xml,%3Csvg%20xmlns%3D%27http:\/\/www.w3.org\/2000\/svg%27%20viewBox%3D%270%200%203%202%27%3E%3C\/svg%3E\" class=\"attachment-noxe-title-poster-1 size-noxe-title-poster-1 gt-lazy-load\" alt=\"Through and Through (Na wylot)\" data-src=\"http:\/\/instytutgk.pl\/en\/wp-content\/uploads\/sites\/2\/2020\/02\/Na-wylot_plakat-Archiwum-370x545.jpg\" data-srcset=\"http:\/\/instytutgk.pl\/en\/wp-content\/uploads\/sites\/2\/2020\/02\/Na-wylot_plakat-Archiwum-370x545.jpg 370w, http:\/\/instytutgk.pl\/en\/wp-content\/uploads\/sites\/2\/2020\/02\/Na-wylot_plakat-Archiwum-100x147.jpg 100w\" data-sizes=\"(max-width: 370px) 100vw, 370px\" \/><\/div><div class=\"gt-details\"><div class=\"gt-title\"><a href=\"http:\/\/instytutgk.pl\/en\/blog\/title-item\/na-wylot\/\">Through and Through (Na wylot)<\/a><\/div><\/div><\/div><\/div><div class=\"swiper-slide\" data-swiper-autoplay=\"8000\"><div class=\"gt-title-item gt-style-1 gt-align-center gt-light\"><div class=\"gt-poster\"><a href=\"http:\/\/instytutgk.pl\/en\/blog\/title-item\/przypadek-pekosinskiego\/\"><\/a><img loading=\"lazy\" decoding=\"async\" width=\"370\" height=\"528\" src=\"data:image\/svg+xml,%3Csvg%20xmlns%3D%27http:\/\/www.w3.org\/2000\/svg%27%20viewBox%3D%270%200%203%202%27%3E%3C\/svg%3E\" class=\"attachment-noxe-title-poster-1 size-noxe-title-poster-1 gt-lazy-load\" alt=\"The Case of Pekosi\u0144ski (Przypadek Pekosi\u0144skiego)\" data-src=\"http:\/\/instytutgk.pl\/en\/wp-content\/uploads\/sites\/2\/2020\/02\/pekos-01-e1603191677189-370x528.png\" \/><\/div><div class=\"gt-details\"><div class=\"gt-title\"><a href=\"http:\/\/instytutgk.pl\/en\/blog\/title-item\/przypadek-pekosinskiego\/\">The Case of Pekosi\u0144ski (Przypadek Pekosi\u0144skiego)<\/a><\/div><\/div><\/div><\/div><\/div><div class=\"gt-carousel-controls gt-style-1 gt-light gt-bordered\"><div class=\"gt-carousel-prev\"><svg xmlns=\"http:\/\/www.w3.org\/2000\/svg\" width=\"24\" height=\"24\" viewBox=\"0 0 24 24\" fill=\"none\" stroke=\"currentColor\" stroke-width=\"2\" stroke-linecap=\"round\" stroke-linejoin=\"round\" class=\"feather feather-arrow-left\"><line x1=\"19\" y1=\"12\" x2=\"5\" y2=\"12\"><\/line><polyline points=\"12 19 5 12 12 5\"><\/polyline><\/svg><\/div><div class=\"gt-carousel-pagination\"><\/div><div class=\"gt-carousel-next\"><svg xmlns=\"http:\/\/www.w3.org\/2000\/svg\" width=\"24\" height=\"24\" viewBox=\"0 0 24 24\" fill=\"none\" stroke=\"currentColor\" stroke-width=\"2\" stroke-linecap=\"round\" stroke-linejoin=\"round\" class=\"feather feather-arrow-right\"><line x1=\"5\" y1=\"12\" x2=\"19\" y2=\"12\"><\/line><polyline points=\"12 5 19 12 12 19\"><\/polyline><\/svg><\/div><\/div><\/div><\/div>[\/vc_column][\/vc_row]<\/p>\n","protected":false},"excerpt":{"rendered":"<p>[vc_row full_width=\u201dstretch_row\u201d overflow=\u201dvisible\u201d css=\u201d.vc_custom_1605008499211{margin-bottom: 105px !important;padding-top: 55px !important;padding-bottom: 55px !important;background-color: #1c1c1c !important;}\u201d][vc_column css=\u201d.vc_custom_1581616501360{padding-top: 0px !important;}\u201d][\/vc_column][\/vc_row][vc_row css=\u201d.vc_custom_1584453554863{margin-bottom: 125px !important;}\u201d][vc_column][\/vc_column][\/vc_row][vc_row full_width=\u201dstretch_row\u201d css=\u201d.vc_custom_1584453714575{padding-top: 90px !important;padding-bottom: 90px !important;background-color: #f5f3ec&#8230;<\/p>\n","protected":false},"author":1,"featured_media":0,"parent":0,"menu_order":0,"comment_status":"closed","ping_status":"closed","template":"","meta":{"footnotes":""},"class_list":["post-3006","page","type-page","status-publish","hentry"],"yoast_head":"<!-- This site is optimized with the Yoast SEO plugin v27.5 - https:\/\/yoast.com\/product\/yoast-seo-wordpress\/ -->\n<title>Archive of Grzegorz Kr\u00f3likiewicz - Movie &amp; Theater<\/title>\n<meta name=\"robots\" content=\"index, follow, max-snippet:-1, max-image-preview:large, max-video-preview:-1\" \/>\n<link rel=\"canonical\" href=\"http:\/\/instytutgk.pl\/en\/movie-theater\/\" \/>\n<meta property=\"og:locale\" content=\"en_US\" \/>\n<meta property=\"og:type\" content=\"article\" \/>\n<meta property=\"og:title\" content=\"Archive of Grzegorz Kr\u00f3likiewicz - Movie &amp; Theater\" \/>\n<meta property=\"og:description\" content=\"[vc_row full_width=\u201dstretch_row\u201d overflow=\u201dvisible\u201d css=\u201d.vc_custom_1605008499211{margin-bottom: 105px !important;padding-top: 55px !important;padding-bottom: 55px !important;background-color: #1c1c1c !important;}\u201d][vc_column css=\u201d.vc_custom_1581616501360{padding-top: 0px !important;}\u201d][\/vc_column][\/vc_row][vc_row css=\u201d.vc_custom_1584453554863{margin-bottom: 125px !important;}\u201d][vc_column][\/vc_column][\/vc_row][vc_row full_width=\u201dstretch_row\u201d css=\u201d.vc_custom_1584453714575{padding-top: 90px !important;padding-bottom: 90px !important;background-color: #f5f3ec...\" \/>\n<meta property=\"og:url\" content=\"http:\/\/instytutgk.pl\/en\/movie-theater\/\" \/>\n<meta property=\"og:site_name\" content=\"Archive of Grzegorz Kr\u00f3likiewicz\" \/>\n<meta property=\"article:modified_time\" content=\"2020-12-04T15:41:18+00:00\" \/>\n<meta name=\"twitter:card\" content=\"summary_large_image\" \/>\n<meta name=\"twitter:label1\" content=\"Est. reading time\" \/>\n\t<meta name=\"twitter:data1\" content=\"2 minutes\" \/>\n<script type=\"application\/ld+json\" class=\"yoast-schema-graph\">{\"@context\":\"https:\\\/\\\/schema.org\",\"@graph\":[{\"@type\":\"WebPage\",\"@id\":\"http:\\\/\\\/instytutgk.pl\\\/en\\\/movie-theater\\\/\",\"url\":\"http:\\\/\\\/instytutgk.pl\\\/en\\\/movie-theater\\\/\",\"name\":\"Archive of Grzegorz Kr\u00f3likiewicz - Movie & Theater\",\"isPartOf\":{\"@id\":\"http:\\\/\\\/instytutgk.pl\\\/en\\\/#website\"},\"datePublished\":\"2020-03-17T12:11:06+00:00\",\"dateModified\":\"2020-12-04T15:41:18+00:00\",\"breadcrumb\":{\"@id\":\"http:\\\/\\\/instytutgk.pl\\\/en\\\/movie-theater\\\/#breadcrumb\"},\"inLanguage\":\"en-US\",\"potentialAction\":[{\"@type\":\"ReadAction\",\"target\":[\"http:\\\/\\\/instytutgk.pl\\\/en\\\/movie-theater\\\/\"]}]},{\"@type\":\"BreadcrumbList\",\"@id\":\"http:\\\/\\\/instytutgk.pl\\\/en\\\/movie-theater\\\/#breadcrumb\",\"itemListElement\":[{\"@type\":\"ListItem\",\"position\":1,\"name\":\"Strona g\u0142\u00f3wna\",\"item\":\"http:\\\/\\\/instytutgk.pl\\\/en\\\/\"},{\"@type\":\"ListItem\",\"position\":2,\"name\":\"Movie &#038; Theater\"}]},{\"@type\":\"WebSite\",\"@id\":\"http:\\\/\\\/instytutgk.pl\\\/en\\\/#website\",\"url\":\"http:\\\/\\\/instytutgk.pl\\\/en\\\/\",\"name\":\"Archive of Grzegorz Kr\u00f3likiewicz\",\"description\":\"Archive of Grzegorz Kr\u00f3likiewicz\",\"potentialAction\":[{\"@type\":\"SearchAction\",\"target\":{\"@type\":\"EntryPoint\",\"urlTemplate\":\"http:\\\/\\\/instytutgk.pl\\\/en\\\/?s={search_term_string}\"},\"query-input\":{\"@type\":\"PropertyValueSpecification\",\"valueRequired\":true,\"valueName\":\"search_term_string\"}}],\"inLanguage\":\"en-US\"}]}<\/script>\n<!-- \/ Yoast SEO plugin. -->","yoast_head_json":{"title":"Archive of Grzegorz Kr\u00f3likiewicz - Movie & Theater","robots":{"index":"index","follow":"follow","max-snippet":"max-snippet:-1","max-image-preview":"max-image-preview:large","max-video-preview":"max-video-preview:-1"},"canonical":"http:\/\/instytutgk.pl\/en\/movie-theater\/","og_locale":"en_US","og_type":"article","og_title":"Archive of Grzegorz Kr\u00f3likiewicz - Movie & Theater","og_description":"[vc_row full_width=\u201dstretch_row\u201d overflow=\u201dvisible\u201d css=\u201d.vc_custom_1605008499211{margin-bottom: 105px !important;padding-top: 55px !important;padding-bottom: 55px !important;background-color: #1c1c1c !important;}\u201d][vc_column css=\u201d.vc_custom_1581616501360{padding-top: 0px !important;}\u201d][\/vc_column][\/vc_row][vc_row css=\u201d.vc_custom_1584453554863{margin-bottom: 125px !important;}\u201d][vc_column][\/vc_column][\/vc_row][vc_row full_width=\u201dstretch_row\u201d css=\u201d.vc_custom_1584453714575{padding-top: 90px !important;padding-bottom: 90px !important;background-color: #f5f3ec...","og_url":"http:\/\/instytutgk.pl\/en\/movie-theater\/","og_site_name":"Archive of Grzegorz Kr\u00f3likiewicz","article_modified_time":"2020-12-04T15:41:18+00:00","twitter_card":"summary_large_image","twitter_misc":{"Est. reading time":"2 minutes"},"schema":{"@context":"https:\/\/schema.org","@graph":[{"@type":"WebPage","@id":"http:\/\/instytutgk.pl\/en\/movie-theater\/","url":"http:\/\/instytutgk.pl\/en\/movie-theater\/","name":"Archive of Grzegorz Kr\u00f3likiewicz - Movie & Theater","isPartOf":{"@id":"http:\/\/instytutgk.pl\/en\/#website"},"datePublished":"2020-03-17T12:11:06+00:00","dateModified":"2020-12-04T15:41:18+00:00","breadcrumb":{"@id":"http:\/\/instytutgk.pl\/en\/movie-theater\/#breadcrumb"},"inLanguage":"en-US","potentialAction":[{"@type":"ReadAction","target":["http:\/\/instytutgk.pl\/en\/movie-theater\/"]}]},{"@type":"BreadcrumbList","@id":"http:\/\/instytutgk.pl\/en\/movie-theater\/#breadcrumb","itemListElement":[{"@type":"ListItem","position":1,"name":"Strona g\u0142\u00f3wna","item":"http:\/\/instytutgk.pl\/en\/"},{"@type":"ListItem","position":2,"name":"Movie &#038; Theater"}]},{"@type":"WebSite","@id":"http:\/\/instytutgk.pl\/en\/#website","url":"http:\/\/instytutgk.pl\/en\/","name":"Archive of Grzegorz Kr\u00f3likiewicz","description":"Archive of Grzegorz Kr\u00f3likiewicz","potentialAction":[{"@type":"SearchAction","target":{"@type":"EntryPoint","urlTemplate":"http:\/\/instytutgk.pl\/en\/?s={search_term_string}"},"query-input":{"@type":"PropertyValueSpecification","valueRequired":true,"valueName":"search_term_string"}}],"inLanguage":"en-US"}]}},"_links":{"self":[{"href":"http:\/\/instytutgk.pl\/en\/wp-json\/wp\/v2\/pages\/3006","targetHints":{"allow":["GET"]}}],"collection":[{"href":"http:\/\/instytutgk.pl\/en\/wp-json\/wp\/v2\/pages"}],"about":[{"href":"http:\/\/instytutgk.pl\/en\/wp-json\/wp\/v2\/types\/page"}],"author":[{"embeddable":true,"href":"http:\/\/instytutgk.pl\/en\/wp-json\/wp\/v2\/users\/1"}],"replies":[{"embeddable":true,"href":"http:\/\/instytutgk.pl\/en\/wp-json\/wp\/v2\/comments?post=3006"}],"version-history":[{"count":20,"href":"http:\/\/instytutgk.pl\/en\/wp-json\/wp\/v2\/pages\/3006\/revisions"}],"predecessor-version":[{"id":4310,"href":"http:\/\/instytutgk.pl\/en\/wp-json\/wp\/v2\/pages\/3006\/revisions\/4310"}],"wp:attachment":[{"href":"http:\/\/instytutgk.pl\/en\/wp-json\/wp\/v2\/media?parent=3006"}],"curies":[{"name":"wp","href":"https:\/\/api.w.org\/{rel}","templated":true}]}}