{"id":1690,"date":"2020-02-19T17:38:51","date_gmt":"2020-02-19T16:38:51","guid":{"rendered":"https:\/\/demo.gloriathemes.com\/noxe\/demo\/?page_id=1690"},"modified":"2020-12-04T16:41:37","modified_gmt":"2020-12-04T15:41:37","slug":"contact","status":"publish","type":"page","link":"http:\/\/instytutgk.pl\/en\/contact\/","title":{"rendered":"Contact"},"content":{"rendered":"<p>[vc_row css=\u201d.vc_custom_1604965582089{margin-bottom: 55px !important;}\u201d][vc_column offset=\u201dvc_col-lg-1 vc_col-md-1 vc_col-xs-12\u2033][\/vc_column][vc_column offset=\u201dvc_col-lg-10 vc_col-md-10 vc_col-xs-12\u2033]<div class=\"gt-heading gt-style-4 gt-light gt-align-left\"><h2 class=\"gt-title\">Zapraszamy do kontaktu.<\/h2><\/div>[\/vc_column][vc_column offset=\u201dvc_col-lg-1 vc_col-md-1 vc_col-xs-12\u2033][\/vc_column][\/vc_row][vc_row gap=\u201d15\u2033 css=\u201d.vc_custom_1604965569003{margin-right: -7% !important;margin-bottom: 75px !important;margin-left: -7% !important;}\u201d][vc_column width=\u201d1\/3\u2033 css=\u201d.vc_custom_1604965241151{margin-bottom: 60px !important;padding-right: 7% !important;padding-left: 7% !important;}\u201d offset=\u201dvc_col-lg-1 vc_col-md-1 vc_col-xs-12\u2033][\/vc_column][vc_column offset=\u201dvc_col-lg-5 vc_col-md-5\u2033 css=\u201d.vc_custom_1604965683002{margin-left: 55px !important;}\u201d]<div class=\"gt-service-boxes gt-style-4 gt-light\"><div class=\"gt-grid gt-grid-1 gt-spacing-35\"><div class=\"gt-grid-col\"><div class=\"gt-item gt-align-left\"><div class=\"gt-title\">Kontakt<\/div><p>Napisz do nas na adres: <a href=\"mailto:biuro@instytutgk.pl\">biuro@instytutgk.pl<\/a><br \/>\n+(48) 501 561 884<br \/>\n+(48) 42 686 13 94<\/p>\n<\/div><\/div><\/div><\/div>[\/vc_column][vc_column offset=\u201dvc_col-lg-5 vc_col-md-5\u2033]<div class=\"gt-service-boxes gt-style-4 gt-light\"><div class=\"gt-grid gt-grid-1 gt-spacing-35\"><div class=\"gt-grid-col\"><div class=\"gt-item gt-align-left\"><div class=\"gt-title\">Instytut Grzegorza Kr\u00f3likiewicza<\/div><p>biuro@instytutgk.pl<br \/>\nEuropejska Fundacja ZIARNA<br \/>\nWyspia\u0144skiego 8<br \/>\n94-028 \u0141\u00f3d\u017a<\/p>\n<\/div><\/div><\/div><\/div>[\/vc_column][\/vc_row][vc_row css=\u201d.vc_custom_1604965582089{margin-bottom: 55px !important;}\u201d][vc_column offset=\u201dvc_col-lg-1 vc_col-md-1 vc_col-xs-12\u2033][\/vc_column][vc_column offset=\u201dvc_col-lg-10 vc_col-md-10 vc_col-xs-12\u2033][vc_column_text]Wszystkie materia\u0142y zgromadzone i publikowane na \u0142amach niniejszej strony internetowej, s\u0105 w\u0142asno\u015bci\u0105 lub te\u017c prawo do nich<br \/>\nprzys\u0142uguje rodzinie Grzegorza Kr\u00f3likiewicza, lub\/i Europejskiej Fundacji Ziarna, kt\u00f3ra prowadzi Archiwum Grzegorza Kr\u00f3likiewicza.<\/p>\n<p>Europejska Fundacja \u201cZiarna\u201d powsta\u0142a w 2015 r. z potrzeby tworzenia warto\u015bciowych projekt\u00f3w kulturalnych. Celem Fundacji jest:<br \/>\n\u2022 podtrzymywanie tradycji narodowej i europejskiej,<br \/>\n\u2022 piel\u0119gnowanie polsko\u015bci oraz rozw\u00f3j \u015bwiadomo\u015bci narodowej, obywatelskiej i kulturowej,<br \/>\n\u2022 dzia\u0142alno\u015b\u0107 wspomagaj\u0105ca rozw\u00f3j wsp\u00f3lnot i spo\u0142eczno\u015bci lokalnych, nauk\u0119, edukacj\u0119, o\u015bwiat\u0119 i wychowanie, kultur\u0119, sztuk\u0119,<br \/>\n\u2022 ochrona d\u00f3br kultury i tradycji.<\/p>\n<div><\/div>\n<div><strong>Archiwum Grzegorza Kr\u00f3likiewicza \u2013 Ocali\u0107 od zapomnienia<\/strong>, powstaje dzi\u0119ki dofinansowaniu przez NCK i MKIDN<\/div>\n<div>\n<p>Celem zadania jest uporz\u0105dkowanie oraz digitalizacja zbior\u00f3w pozostawionych przez prof. Grzegorza Kr\u00f3likiewicza, a nast\u0119pnie ich publiczne udost\u0119pnienie. Zmar\u0142y w 2017 r. prof. Kr\u00f3likiewicz \u2013 wizjoner kina, re\u017cyser, scenarzysta, pedagog, teoretyk, autor licznych opracowa\u0144 naukowych po\u015bwi\u0119conych analizie filmowych arcydzie\u0142 kina \u015bwiatowego, wyj\u0105tkowy tw\u00f3rca w historii polskiej kinematografii i kultury. Stworzy\u0142 ponad 40 film\u00f3w dokumentalnych, 9 fabularnych, kilkadziesi\u0105t widowisk telewizyjnych i Teatr\u00f3w Telewizji. Wywar\u0142 niebanalny wp\u0142yw na ca\u0142\u0105 polsk\u0105 kinematografi\u0119.<\/p>\n<\/div>\n<p>\u00a0<\/p>\n<div><\/div>\n<div>\n<p><strong>Fundacja do\u0142o\u017cy\u0142a wszelkich stara\u0144, aby uzyska\u0107 autorstwo wszystkich fotografii i materia\u0142\u00f3w audiowizualnych w\u0142\u0105czonych do Archiwum Grzegorza Kr\u00f3likiewicza, jednak nie zawsze by\u0142o to mo\u017cliwe.\u00a0 W razie ujawnienia autor\u00f3w prosimy o kontakt.<\/strong><\/p>\n<h5>Trwaj\u0105 prace nad utworzeniem Instytutu Grzegorza Kr\u00f3likiewicza.<\/h5>\n<\/div>\n<p>[\/vc_column_text][\/vc_column][vc_column offset=\u201dvc_col-lg-1 vc_col-md-1 vc_col-xs-12\u2033][\/vc_column][\/vc_row]<\/p>\n","protected":false},"excerpt":{"rendered":"<p>[vc_row css=\u201d.vc_custom_1604965582089{margin-bottom: 55px !important;}\u201d][vc_column offset=\u201dvc_col-lg-1 vc_col-md-1 vc_col-xs-12\u2033][\/vc_column][vc_column offset=\u201dvc_col-lg-10 vc_col-md-10 vc_col-xs-12\u2033][\/vc_column][vc_column offset=\u201dvc_col-lg-1 vc_col-md-1 vc_col-xs-12\u2033][\/vc_column][\/vc_row][vc_row gap=\u201d15\u2033 css=\u201d.vc_custom_1604965569003{margin-right: -7% !important;margin-bottom: 75px !important;margin-left: -7% !important;}\u201d][vc_column width=\u201d1\/3\u2033 css=\u201d.vc_custom_1604965241151{margin-bottom: 60px !important;padding-right:&#8230;<\/p>\n","protected":false},"author":1,"featured_media":0,"parent":0,"menu_order":0,"comment_status":"closed","ping_status":"closed","template":"","meta":{"footnotes":""},"class_list":["post-1690","page","type-page","status-publish","hentry"],"yoast_head":"<!-- This site is optimized with the Yoast SEO plugin v27.5 - https:\/\/yoast.com\/product\/yoast-seo-wordpress\/ -->\n<title>Contact - Archive of Grzegorz Kr\u00f3likiewicz<\/title>\n<meta name=\"robots\" content=\"index, follow, max-snippet:-1, max-image-preview:large, max-video-preview:-1\" \/>\n<link rel=\"canonical\" href=\"https:\/\/instytutgk.pl\/en\/contact\/\" \/>\n<meta property=\"og:locale\" content=\"en_US\" \/>\n<meta property=\"og:type\" content=\"article\" \/>\n<meta property=\"og:title\" content=\"Contact - Archive of Grzegorz Kr\u00f3likiewicz\" \/>\n<meta property=\"og:description\" content=\"[vc_row css=\u201d.vc_custom_1604965582089{margin-bottom: 55px !important;}\u201d][vc_column offset=\u201dvc_col-lg-1 vc_col-md-1 vc_col-xs-12\u2033][\/vc_column][vc_column offset=\u201dvc_col-lg-10 vc_col-md-10 vc_col-xs-12\u2033][\/vc_column][vc_column offset=\u201dvc_col-lg-1 vc_col-md-1 vc_col-xs-12\u2033][\/vc_column][\/vc_row][vc_row gap=\u201d15\u2033 css=\u201d.vc_custom_1604965569003{margin-right: -7% !important;margin-bottom: 75px !important;margin-left: -7% !important;}\u201d][vc_column width=\u201d1\/3\u2033 css=\u201d.vc_custom_1604965241151{margin-bottom: 60px !important;padding-right:...\" \/>\n<meta property=\"og:url\" content=\"https:\/\/instytutgk.pl\/en\/contact\/\" \/>\n<meta property=\"og:site_name\" content=\"Archive of Grzegorz Kr\u00f3likiewicz\" \/>\n<meta property=\"article:modified_time\" content=\"2020-12-04T15:41:37+00:00\" \/>\n<meta name=\"twitter:card\" content=\"summary_large_image\" \/>\n<meta name=\"twitter:label1\" content=\"Est. reading time\" \/>\n\t<meta name=\"twitter:data1\" content=\"3 minutes\" \/>\n<script type=\"application\/ld+json\" class=\"yoast-schema-graph\">{\"@context\":\"https:\\\/\\\/schema.org\",\"@graph\":[{\"@type\":\"WebPage\",\"@id\":\"https:\\\/\\\/instytutgk.pl\\\/en\\\/contact\\\/\",\"url\":\"https:\\\/\\\/instytutgk.pl\\\/en\\\/contact\\\/\",\"name\":\"Contact - Archive of Grzegorz Kr\u00f3likiewicz\",\"isPartOf\":{\"@id\":\"http:\\\/\\\/instytutgk.pl\\\/en\\\/#website\"},\"datePublished\":\"2020-02-19T16:38:51+00:00\",\"dateModified\":\"2020-12-04T15:41:37+00:00\",\"breadcrumb\":{\"@id\":\"https:\\\/\\\/instytutgk.pl\\\/en\\\/contact\\\/#breadcrumb\"},\"inLanguage\":\"en-US\",\"potentialAction\":[{\"@type\":\"ReadAction\",\"target\":[\"https:\\\/\\\/instytutgk.pl\\\/en\\\/contact\\\/\"]}]},{\"@type\":\"BreadcrumbList\",\"@id\":\"https:\\\/\\\/instytutgk.pl\\\/en\\\/contact\\\/#breadcrumb\",\"itemListElement\":[{\"@type\":\"ListItem\",\"position\":1,\"name\":\"Strona g\u0142\u00f3wna\",\"item\":\"http:\\\/\\\/instytutgk.pl\\\/en\\\/\"},{\"@type\":\"ListItem\",\"position\":2,\"name\":\"Contact\"}]},{\"@type\":\"WebSite\",\"@id\":\"http:\\\/\\\/instytutgk.pl\\\/en\\\/#website\",\"url\":\"http:\\\/\\\/instytutgk.pl\\\/en\\\/\",\"name\":\"Archive of Grzegorz Kr\u00f3likiewicz\",\"description\":\"Archive of Grzegorz Kr\u00f3likiewicz\",\"potentialAction\":[{\"@type\":\"SearchAction\",\"target\":{\"@type\":\"EntryPoint\",\"urlTemplate\":\"http:\\\/\\\/instytutgk.pl\\\/en\\\/?s={search_term_string}\"},\"query-input\":{\"@type\":\"PropertyValueSpecification\",\"valueRequired\":true,\"valueName\":\"search_term_string\"}}],\"inLanguage\":\"en-US\"}]}<\/script>\n<!-- \/ Yoast SEO plugin. -->","yoast_head_json":{"title":"Contact - Archive of Grzegorz Kr\u00f3likiewicz","robots":{"index":"index","follow":"follow","max-snippet":"max-snippet:-1","max-image-preview":"max-image-preview:large","max-video-preview":"max-video-preview:-1"},"canonical":"https:\/\/instytutgk.pl\/en\/contact\/","og_locale":"en_US","og_type":"article","og_title":"Contact - Archive of Grzegorz Kr\u00f3likiewicz","og_description":"[vc_row css=\u201d.vc_custom_1604965582089{margin-bottom: 55px !important;}\u201d][vc_column offset=\u201dvc_col-lg-1 vc_col-md-1 vc_col-xs-12\u2033][\/vc_column][vc_column offset=\u201dvc_col-lg-10 vc_col-md-10 vc_col-xs-12\u2033][\/vc_column][vc_column offset=\u201dvc_col-lg-1 vc_col-md-1 vc_col-xs-12\u2033][\/vc_column][\/vc_row][vc_row gap=\u201d15\u2033 css=\u201d.vc_custom_1604965569003{margin-right: -7% !important;margin-bottom: 75px !important;margin-left: -7% !important;}\u201d][vc_column width=\u201d1\/3\u2033 css=\u201d.vc_custom_1604965241151{margin-bottom: 60px !important;padding-right:...","og_url":"https:\/\/instytutgk.pl\/en\/contact\/","og_site_name":"Archive of Grzegorz Kr\u00f3likiewicz","article_modified_time":"2020-12-04T15:41:37+00:00","twitter_card":"summary_large_image","twitter_misc":{"Est. reading time":"3 minutes"},"schema":{"@context":"https:\/\/schema.org","@graph":[{"@type":"WebPage","@id":"https:\/\/instytutgk.pl\/en\/contact\/","url":"https:\/\/instytutgk.pl\/en\/contact\/","name":"Contact - Archive of Grzegorz Kr\u00f3likiewicz","isPartOf":{"@id":"http:\/\/instytutgk.pl\/en\/#website"},"datePublished":"2020-02-19T16:38:51+00:00","dateModified":"2020-12-04T15:41:37+00:00","breadcrumb":{"@id":"https:\/\/instytutgk.pl\/en\/contact\/#breadcrumb"},"inLanguage":"en-US","potentialAction":[{"@type":"ReadAction","target":["https:\/\/instytutgk.pl\/en\/contact\/"]}]},{"@type":"BreadcrumbList","@id":"https:\/\/instytutgk.pl\/en\/contact\/#breadcrumb","itemListElement":[{"@type":"ListItem","position":1,"name":"Strona g\u0142\u00f3wna","item":"http:\/\/instytutgk.pl\/en\/"},{"@type":"ListItem","position":2,"name":"Contact"}]},{"@type":"WebSite","@id":"http:\/\/instytutgk.pl\/en\/#website","url":"http:\/\/instytutgk.pl\/en\/","name":"Archive of Grzegorz Kr\u00f3likiewicz","description":"Archive of Grzegorz Kr\u00f3likiewicz","potentialAction":[{"@type":"SearchAction","target":{"@type":"EntryPoint","urlTemplate":"http:\/\/instytutgk.pl\/en\/?s={search_term_string}"},"query-input":{"@type":"PropertyValueSpecification","valueRequired":true,"valueName":"search_term_string"}}],"inLanguage":"en-US"}]}},"_links":{"self":[{"href":"http:\/\/instytutgk.pl\/en\/wp-json\/wp\/v2\/pages\/1690","targetHints":{"allow":["GET"]}}],"collection":[{"href":"http:\/\/instytutgk.pl\/en\/wp-json\/wp\/v2\/pages"}],"about":[{"href":"http:\/\/instytutgk.pl\/en\/wp-json\/wp\/v2\/types\/page"}],"author":[{"embeddable":true,"href":"http:\/\/instytutgk.pl\/en\/wp-json\/wp\/v2\/users\/1"}],"replies":[{"embeddable":true,"href":"http:\/\/instytutgk.pl\/en\/wp-json\/wp\/v2\/comments?post=1690"}],"version-history":[{"count":27,"href":"http:\/\/instytutgk.pl\/en\/wp-json\/wp\/v2\/pages\/1690\/revisions"}],"predecessor-version":[{"id":4311,"href":"http:\/\/instytutgk.pl\/en\/wp-json\/wp\/v2\/pages\/1690\/revisions\/4311"}],"wp:attachment":[{"href":"http:\/\/instytutgk.pl\/en\/wp-json\/wp\/v2\/media?parent=1690"}],"curies":[{"name":"wp","href":"https:\/\/api.w.org\/{rel}","templated":true}]}}